



{"id":583,"date":"2021-03-29T09:02:14","date_gmt":"2021-03-29T09:02:14","guid":{"rendered":"https:\/\/airlogic.it\/wordpress\/?page_id=583"},"modified":"2024-07-09T10:58:14","modified_gmt":"2024-07-09T10:58:14","slug":"certificazioni","status":"publish","type":"page","link":"https:\/\/airlogic.it\/wordpress\/certificazioni\/","title":{"rendered":"Certificazioni"},"content":{"rendered":"<div class=\"wpb-content-wrapper\"><p>[vc_row css_animation=&#8221;&#8221; row_type=&#8221;row&#8221; use_row_as_full_screen_section=&#8221;no&#8221; type=&#8221;grid&#8221; angled_section=&#8221;no&#8221; text_align=&#8221;left&#8221; background_image_as_pattern=&#8221;without_pattern&#8221; z_index=&#8221;&#8221; padding_top=&#8221;60&#8243; padding_bottom=&#8221;60&#8243;][vc_column][vc_column_text css=&#8221;&#8221;]<\/p>\n<h3>Certificazioni e corsi<\/h3>\n<p class=\"p1\"><span class=\"s1\"><strong>Airlogic \u00e8 da sempre orientata alla soddisfazione del Cliente<\/strong> attraverso la qualit\u00e0, la ricerca della massima professionalit\u00e0 nell\u2019operare, rispetto e tutela dell\u2019ambiente, qualit\u00e0 del servizio e\u00a0responsabilit\u00e0 sociale.<\/span><\/p>\n<p class=\"p1\"><span class=\"s1\">Questi sono i valori sempre presenti nel quotidiano del nostro lavoro, valori che hanno guidato Airlogic al conseguimento delle certificazioni che compongono il proprio sistema integrato qualit\u00e0, ambiente e sicurezza.<\/span><\/p>\n<p class=\"p1\"><span class=\"s1\">Airlogic rispetta le norme:<\/span><\/p>\n<ul>\n<li class=\"p1\"><strong><span class=\"s1\"> UNI EN ISO 9001<\/span><\/strong><\/li>\n<li class=\"p1\"><strong><span class=\"s1\">SOA<\/span><\/strong>\n<ul>\n<li class=\"p1\"><strong><span class=\"s1\">categoria OG1 categoria IV-bis.<\/span><\/strong><\/li>\n<li class=\"p1\"><strong><span class=\"s1\">categoria OS28 classifica II. <\/span><\/strong><\/li>\n<\/ul>\n<\/li>\n<li class=\"p1\"><span class=\"s1\">In oltre siamo certificati <strong>Accredia<\/strong> e dall&#8217;<strong>Istituto Meridiana<\/strong>. <\/span><\/li>\n<li class=\"p1\"><span class=\"s1\">I nostri dirigenti e responsabili di cantiere sono accreditati presso la <\/span><span class=\"s1\">National Air Duct Cleaners Association<span class=\"Apple-converted-space\">\u00a0 <\/span>ovvero<span class=\"Apple-converted-space\">\u00a0 <\/span><strong>L\u2019Associazione Italiana Igienisti Sistemi Aeraulici.<\/strong><\/span><\/li>\n<\/ul>\n<p>[\/vc_column_text][vc_row_inner row_type=&#8221;row&#8221; type=&#8221;full_width&#8221; text_align=&#8221;left&#8221; css_animation=&#8221;&#8221;][vc_column_inner][vc_empty_space height=&#8221;64px&#8221;][\/vc_column_inner][\/vc_row_inner][vc_row_inner row_type=&#8221;row&#8221; type=&#8221;full_width&#8221; text_align=&#8221;left&#8221; css_animation=&#8221;&#8221;][vc_column_inner width=&#8221;1\/4&#8243;][vc_single_image image=&#8221;1651&#8243; img_size=&#8221;200&#215;200&#8243; alignment=&#8221;center&#8221; css=&#8221;&#8221; qode_css_animation=&#8221;&#8221;][\/vc_column_inner][vc_column_inner width=&#8221;1\/4&#8243;][vc_single_image image=&#8221;1654&#8243; img_size=&#8221;full&#8221; css=&#8221;&#8221; qode_css_animation=&#8221;&#8221;][\/vc_column_inner][vc_column_inner width=&#8221;1\/4&#8243;][vc_single_image image=&#8221;1650&#8243; img_size=&#8221;full&#8221; alignment=&#8221;center&#8221; css=&#8221;&#8221; qode_css_animation=&#8221;&#8221;][\/vc_column_inner][vc_column_inner width=&#8221;1\/4&#8243;][vc_single_image image=&#8221;1652&#8243; img_size=&#8221;full&#8221; alignment=&#8221;center&#8221; css=&#8221;&#8221; qode_css_animation=&#8221;&#8221;][\/vc_column_inner][\/vc_row_inner][\/vc_column][\/vc_row][vc_row css_animation=&#8221;&#8221; row_type=&#8221;row&#8221; use_row_as_full_screen_section=&#8221;no&#8221; type=&#8221;full_width&#8221; angled_section=&#8221;no&#8221; text_align=&#8221;left&#8221; background_image_as_pattern=&#8221;without_pattern&#8221;][vc_column width=&#8221;1\/4&#8243;][vc_single_image image=&#8221;821&#8243; img_size=&#8221;full&#8221; qode_css_animation=&#8221;&#8221;][\/vc_column][vc_column width=&#8221;1\/4&#8243;][vc_single_image image=&#8221;820&#8243; img_size=&#8221;full&#8221; qode_css_animation=&#8221;&#8221;][\/vc_column][vc_column width=&#8221;1\/4&#8243;][vc_single_image image=&#8221;819&#8243; img_size=&#8221;full&#8221; alignment=&#8221;right&#8221; qode_css_animation=&#8221;&#8221;][\/vc_column][vc_column width=&#8221;1\/4&#8243;][vc_single_image image=&#8221;817&#8243; img_size=&#8221;full&#8221; alignment=&#8221;right&#8221; onclick=&#8221;custom_link&#8221; qode_css_animation=&#8221;&#8221; link=&#8221;https:\/\/aiisa.eu\/&#8221;][\/vc_column][\/vc_row][vc_row css_animation=&#8221;&#8221; row_type=&#8221;row&#8221; use_row_as_full_screen_section=&#8221;no&#8221; type=&#8221;full_width&#8221; angled_section=&#8221;no&#8221; text_align=&#8221;left&#8221; background_image_as_pattern=&#8221;without_pattern&#8221;][vc_column][vc_empty_space][\/vc_column][\/vc_row][vc_row css_animation=&#8221;&#8221; row_type=&#8221;row&#8221; use_row_as_full_screen_section=&#8221;no&#8221; type=&#8221;full_width&#8221; angled_section=&#8221;no&#8221; text_align=&#8221;left&#8221; background_image_as_pattern=&#8221;without_pattern&#8221;][vc_column][vc_separator type=&#8221;normal&#8221; color=&#8221;#024321&#8243;][vc_column_text css=&#8221;.vc_custom_1711551994470{padding-top: 10px !important;}&#8221;]<\/p>\n<h4 style=\"text-align: center;\">Per preventivi e informazioni sui nostri prodotti e servizi.<\/h4>\n<p>[\/vc_column_text][vc_row_inner row_type=&#8221;row&#8221; type=&#8221;full_width&#8221; text_align=&#8221;left&#8221; css_animation=&#8221;&#8221; css=&#8221;.vc_custom_1711551930996{padding-top: 20px !important;padding-bottom: 20px !important;}&#8221;][vc_column_inner width=&#8221;1\/5&#8243; css=&#8221;.vc_custom_1711551885579{padding-left: 250px !important;}&#8221;][\/vc_column_inner][vc_column_inner width=&#8221;1\/5&#8243;][\/vc_column_inner][vc_column_inner width=&#8221;1\/5&#8243;]\n\n\t<a href=\"https:\/\/airlogic.it\/wordpress\/contatti\/\" target=\"_self\" style=\"color: #ffffff;background-color: #004322;font-weight: 400\" class=\"qode-btn qode-btn-medium qode-btn-solid qode-btn-custom-hover-bg qode-btn-custom-hover-color qode-btn-with-shadow qode-btn-default-hover\" data-hover-bg-color=\"#ffffff\" data-hover-color=\"#004322\" >\n\t    <span class=\"qode-btn-text\">CONTATTI<\/span>\t<\/a>\n\n[\/vc_column_inner][vc_column_inner width=&#8221;1\/5&#8243;][\/vc_column_inner][vc_column_inner width=&#8221;1\/5&#8243;][\/vc_column_inner][\/vc_row_inner][vc_separator type=&#8221;normal&#8221; color=&#8221;#024321&#8243;][\/vc_column][\/vc_row]<\/p>\n<\/div>","protected":false},"excerpt":{"rendered":"<p>[vc_row css_animation=&#8221;&#8221; row_type=&#8221;row&#8221; use_row_as_full_screen_section=&#8221;no&#8221; type=&#8221;grid&#8221; angled_section=&#8221;no&#8221; text_align=&#8221;left&#8221; background_image_as_pattern=&#8221;without_pattern&#8221; z_index=&#8221;&#8221; padding_top=&#8221;60&#8243; padding_bottom=&#8221;60&#8243;][vc_column][vc_column_text css=&#8221;&#8221;] Certificazioni e corsi Airlogic \u00e8 da sempre orientata alla soddisfazione del Cliente attraverso la qualit\u00e0, la ricerca della massima professionalit\u00e0 nell\u2019operare, rispetto e tutela dell\u2019ambiente, qualit\u00e0 del servizio e\u00a0responsabilit\u00e0 sociale. Questi sono i&#8230;<\/p>\n","protected":false},"author":2,"featured_media":0,"parent":0,"menu_order":0,"comment_status":"closed","ping_status":"closed","template":"full_width.php","meta":{"footnotes":""},"categories":[],"class_list":["post-583","page","type-page","status-publish","hentry"],"_links":{"self":[{"href":"https:\/\/airlogic.it\/wordpress\/wp-json\/wp\/v2\/pages\/583","targetHints":{"allow":["GET"]}}],"collection":[{"href":"https:\/\/airlogic.it\/wordpress\/wp-json\/wp\/v2\/pages"}],"about":[{"href":"https:\/\/airlogic.it\/wordpress\/wp-json\/wp\/v2\/types\/page"}],"author":[{"embeddable":true,"href":"https:\/\/airlogic.it\/wordpress\/wp-json\/wp\/v2\/users\/2"}],"replies":[{"embeddable":true,"href":"https:\/\/airlogic.it\/wordpress\/wp-json\/wp\/v2\/comments?post=583"}],"version-history":[{"count":29,"href":"https:\/\/airlogic.it\/wordpress\/wp-json\/wp\/v2\/pages\/583\/revisions"}],"predecessor-version":[{"id":1734,"href":"https:\/\/airlogic.it\/wordpress\/wp-json\/wp\/v2\/pages\/583\/revisions\/1734"}],"wp:attachment":[{"href":"https:\/\/airlogic.it\/wordpress\/wp-json\/wp\/v2\/media?parent=583"}],"wp:term":[{"taxonomy":"category","embeddable":true,"href":"https:\/\/airlogic.it\/wordpress\/wp-json\/wp\/v2\/categories?post=583"}],"curies":[{"name":"wp","href":"https:\/\/api.w.org\/{rel}","templated":true}]}}